{"id":468,"date":"2025-06-18T15:27:46","date_gmt":"2025-06-18T13:27:46","guid":{"rendered":"https:\/\/www.offrestendance.fr\/?page_id=468"},"modified":"2025-06-18T15:27:47","modified_gmt":"2025-06-18T13:27:47","slug":"mentions-legales","status":"publish","type":"page","link":"https:\/\/www.offrestendance.fr\/index.php\/mentions-legales\/","title":{"rendered":"Mentions l\u00e9gales"},"content":{"rendered":"\n<h2 class=\"wp-block-heading\">Mentions l\u00e9gales<\/h2>\n\n\n\n<p>Conform\u00e9ment \u00e0 la loi n\u00b02004-575 du 21 juin 2004 pour la confiance dans l\u2019\u00e9conomie num\u00e9rique (LCEN), il est pr\u00e9cis\u00e9 aux utilisateurs du site www.offrestendance.fr l\u2019identit\u00e9 des diff\u00e9rents intervenants dans le cadre de sa r\u00e9alisation et de son suivi.<\/p>\n\n\n\n<hr class=\"wp-block-separator has-alpha-channel-opacity\"\/>\n\n\n\n<h3 class=\"wp-block-heading\">\u00c9diteur du site<\/h3>\n\n\n\n<p>Le pr\u00e9sent site est un site personnel, \u00e9dit\u00e9 \u00e0 titre non professionnel.<\/p>\n\n\n\n<p>Responsable de la publication :<strong> Offrestendance<\/strong><br>Contact : <strong>contact@offrestendance.fr<\/strong><\/p>\n\n\n\n<p>Conform\u00e9ment \u00e0 l\u2019article 6 III 2\u00b0 de la LCEN, l\u2019\u00e9diteur a choisi de ne pas divulguer publiquement son identit\u00e9. Les coordonn\u00e9es compl\u00e8tes ont \u00e9t\u00e9 communiqu\u00e9es \u00e0 l\u2019h\u00e9bergeur ci-dessous.<\/p>\n\n\n\n<hr class=\"wp-block-separator has-alpha-channel-opacity\"\/>\n\n\n\n<h3 class=\"wp-block-heading\">H\u00e9bergeur<\/h3>\n\n\n\n<p>Le site est h\u00e9berg\u00e9 par :<\/p>\n\n\n\n<p><strong>OVH SAS<\/strong><br>2 rue Kellermann<br>59100 Roubaix<br>France<br>Site : <a class=\"\" href=\"https:\/\/www.ovh.com\">www.ovh.com<\/a><\/p>\n\n\n\n<hr class=\"wp-block-separator has-alpha-channel-opacity\"\/>\n\n\n\n<h3 class=\"wp-block-heading\">Conditions d\u2019utilisation<\/h3>\n\n\n\n<p>L\u2019utilisation du site implique l\u2019acceptation pleine et enti\u00e8re des conditions g\u00e9n\u00e9rales d\u2019utilisation d\u00e9crites dans cette page. Ces conditions sont susceptibles d\u2019\u00eatre modifi\u00e9es ou compl\u00e9t\u00e9es \u00e0 tout moment.<\/p>\n\n\n\n<hr class=\"wp-block-separator has-alpha-channel-opacity\"\/>\n\n\n\n<h3 class=\"wp-block-heading\">Donn\u00e9es personnelles<\/h3>\n\n\n\n<p>Aucune information personnelle n\u2019est collect\u00e9e \u00e0 l\u2019insu des visiteurs.<br>Aucune donn\u00e9e n\u2019est c\u00e9d\u00e9e ou vendue \u00e0 des tiers.<br>Conform\u00e9ment \u00e0 la loi \u00ab Informatique et Libert\u00e9s \u00bb et au RGPD, vous disposez d\u2019un droit d\u2019acc\u00e8s, de rectification ou de suppression des donn\u00e9es vous concernant.<\/p>\n\n\n\n<hr class=\"wp-block-separator has-alpha-channel-opacity\"\/>\n\n\n\n<h3 class=\"wp-block-heading\">Cookies<\/h3>\n\n\n\n<p>Le site peut utiliser des cookies \u00e0 des fins de statistiques ou de fonctionnement. En poursuivant votre navigation, vous acceptez l\u2019utilisation des cookies. Vous pouvez modifier les param\u00e8tres de votre navigateur pour les bloquer.<\/p>\n","protected":false},"excerpt":{"rendered":"<p>Mentions l\u00e9gales Conform\u00e9ment \u00e0 la loi n\u00b02004-575 du 21 juin 2004 pour la confiance dans l\u2019\u00e9conomie num\u00e9rique (LCEN), il est pr\u00e9cis\u00e9 aux utilisateurs du site www.offrestendance.fr l\u2019identit\u00e9 des diff\u00e9rents intervenants dans le cadre de sa r\u00e9alisation et de son suivi. \u00c9diteur du site Le pr\u00e9sent site est un site personnel, \u00e9dit\u00e9 \u00e0 titre non professionnel. [&hellip;]<\/p>\n","protected":false},"author":1,"featured_media":0,"parent":0,"menu_order":0,"comment_status":"closed","ping_status":"open","template":"","meta":{"footnotes":""},"class_list":["post-468","page","type-page","status-publish","hentry"],"_links":{"self":[{"href":"https:\/\/www.offrestendance.fr\/index.php\/wp-json\/wp\/v2\/pages\/468","targetHints":{"allow":["GET"]}}],"collection":[{"href":"https:\/\/www.offrestendance.fr\/index.php\/wp-json\/wp\/v2\/pages"}],"about":[{"href":"https:\/\/www.offrestendance.fr\/index.php\/wp-json\/wp\/v2\/types\/page"}],"author":[{"embeddable":true,"href":"https:\/\/www.offrestendance.fr\/index.php\/wp-json\/wp\/v2\/users\/1"}],"replies":[{"embeddable":true,"href":"https:\/\/www.offrestendance.fr\/index.php\/wp-json\/wp\/v2\/comments?post=468"}],"version-history":[{"count":1,"href":"https:\/\/www.offrestendance.fr\/index.php\/wp-json\/wp\/v2\/pages\/468\/revisions"}],"predecessor-version":[{"id":469,"href":"https:\/\/www.offrestendance.fr\/index.php\/wp-json\/wp\/v2\/pages\/468\/revisions\/469"}],"wp:attachment":[{"href":"https:\/\/www.offrestendance.fr\/index.php\/wp-json\/wp\/v2\/media?parent=468"}],"curies":[{"name":"wp","href":"https:\/\/api.w.org\/{rel}","templated":true}]}}