{"id":382,"date":"2025-06-12T18:19:26","date_gmt":"2025-06-12T16:19:26","guid":{"rendered":"https:\/\/www.offrestendance.fr\/?page_id=382"},"modified":"2025-06-23T20:59:45","modified_gmt":"2025-06-23T18:59:45","slug":"sport","status":"publish","type":"page","link":"https:\/\/www.offrestendance.fr\/index.php\/sport\/","title":{"rendered":"SPORT"},"content":{"rendered":"\t\t<div data-elementor-type=\"wp-page\" data-elementor-id=\"382\" class=\"elementor elementor-382\">\n\t\t\t\t\t\t<section class=\"elementor-section elementor-top-section elementor-element elementor-element-2af4e6ad elementor-section-boxed elementor-section-height-default elementor-section-height-default\" data-id=\"2af4e6ad\" data-element_type=\"section\" data-settings=\"{&quot;background_background&quot;:&quot;classic&quot;}\">\n\t\t\t\t\t\t\t<div class=\"elementor-background-overlay\"><\/div>\n\t\t\t\t\t\t\t<div class=\"elementor-container elementor-column-gap-default\">\n\t\t\t\t\t<div class=\"elementor-column elementor-col-100 elementor-top-column elementor-element elementor-element-44169f63\" data-id=\"44169f63\" data-element_type=\"column\">\n\t\t\t<div class=\"elementor-widget-wrap elementor-element-populated\">\n\t\t\t\t\t\t<div class=\"elementor-element elementor-element-66485702 elementor-widget elementor-widget-heading\" data-id=\"66485702\" data-element_type=\"widget\" data-widget_type=\"heading.default\">\n\t\t\t\t<div class=\"elementor-widget-container\">\n\t\t\t\t\t<h1 class=\"elementor-heading-title elementor-size-default\"><span data-start=\"121\" data-end=\"188\" style=\"letter-spacing: normal; text-align: start; white-space: normal; caret-color: rgb(0, 0, 0); color: rgb(0, 0, 0);\">\ud83d\udd25 Top 10 des Accessoires de sport pour cet \u00e9t\u00e9<\/span><\/h1>\t\t\t\t<\/div>\n\t\t\t\t<\/div>\n\t\t\t\t<div class=\"elementor-element elementor-element-9b707ce elementor-invisible elementor-widget elementor-widget-qi_addons_for_elementor_timeline\" data-id=\"9b707ce\" data-element_type=\"widget\" data-settings=\"{&quot;_animation&quot;:&quot;fadeIn&quot;}\" data-widget_type=\"qi_addons_for_elementor_timeline.default\">\n\t\t\t\t<div class=\"elementor-widget-container\">\n\t\t\t\t\t<div class=\"qodef-shortcode qodef-m qodef-qi-timeline qodef-timeline--vertical qodef-timeline-layout--vertical-separated qodef-line--outside qodef-point--diamond qodef-qi--has-appear qodef-reverse-padding\">\n\t<div class=\"qodef-e qodef-e-item elementor-repeater-item-7f283cc qodef-obverse\">\n\t<div class=\"qodef-e-line-holder\">\n\t\t<span class=\"qodef-e-line\"><\/span>\n\t<\/div>\n\t<div class=\"qodef-e-item-inner\">\n\t\t<div class=\"qodef-e-point-holder\">\n\t\t\t<div class=\"qodef-e-point\">\n\t\t\t\t\t\t\t<\/div>\n\t\t<\/div>\n\t\t<div class=\"qodef-e-side-holder\">\n\t\t\t<div class=\"qodef-e-image\">\n\t<img fetchpriority=\"high\" decoding=\"async\" width=\"800\" height=\"793\" src=\"https:\/\/www.offrestendance.fr\/wp-content\/uploads\/2025\/06\/61KdqY6rFeL._AC_SL1500_-1024x1015.jpg\" class=\"attachment-large size-large\" alt=\"\" srcset=\"https:\/\/www.offrestendance.fr\/wp-content\/uploads\/2025\/06\/61KdqY6rFeL._AC_SL1500_-1024x1015.jpg 1024w, https:\/\/www.offrestendance.fr\/wp-content\/uploads\/2025\/06\/61KdqY6rFeL._AC_SL1500_-300x297.jpg 300w, https:\/\/www.offrestendance.fr\/wp-content\/uploads\/2025\/06\/61KdqY6rFeL._AC_SL1500_-150x150.jpg 150w, https:\/\/www.offrestendance.fr\/wp-content\/uploads\/2025\/06\/61KdqY6rFeL._AC_SL1500_-768x761.jpg 768w, https:\/\/www.offrestendance.fr\/wp-content\/uploads\/2025\/06\/61KdqY6rFeL._AC_SL1500_.jpg 1500w\" sizes=\"(max-width: 800px) 100vw, 800px\" \/><\/div>\n\t\t<\/div>\n\t\t<div class=\"qodef-e-content-holder\">\n\t\t\t\t<div class=\"qodef-e-date\">\n\t\t1 - Prix 79,99 \u20ac (Au lieu de 129,99)\t<\/div>\n\t\t\t\t\t<h4 class=\"qodef-e-title\">\n\t\t\t<a itemprop=\"url\" href=\"https:\/\/amzn.to\/44c1Eoj\" target=\"_self\">\n\t\t\ud83d\udcaa PASYOU PA300 \u2013 Banc de Musculation Pliable 7-en-1\t\t\t<\/a>\n\t\t<\/h4>\n\t\t\t\t\t<p class=\"qodef-e-text\">\n\t\tTransforme ton entra\u00eenement \u00e0 la maison avec le banc de musculation complet PASYOU PA300. Inclinable, r\u00e9glable et pliable, il s\u2019adapte \u00e0 tous les niveaux pour travailler efficacement tout le corps. Avec sa capacit\u00e9 de 230 kg, sa robustesse est au rendez-vous.\t<\/p>\n\t\t\t<\/div>\n\t<\/div>\n<\/div>\n<div class=\"qodef-e qodef-e-item elementor-repeater-item-1cc43dd qodef-reverse\">\n\t<div class=\"qodef-e-line-holder\">\n\t\t<span class=\"qodef-e-line\"><\/span>\n\t<\/div>\n\t<div class=\"qodef-e-item-inner\">\n\t\t<div class=\"qodef-e-point-holder\">\n\t\t\t<div class=\"qodef-e-point\">\n\t\t\t\t\t\t\t<\/div>\n\t\t<\/div>\n\t\t<div class=\"qodef-e-side-holder\">\n\t\t\t<div class=\"qodef-e-image\">\n\t<img decoding=\"async\" width=\"800\" height=\"604\" src=\"https:\/\/www.offrestendance.fr\/wp-content\/uploads\/2025\/06\/81KyREDUt9L._AC_SL1500_-1024x773.jpg\" class=\"attachment-large size-large\" alt=\"\" srcset=\"https:\/\/www.offrestendance.fr\/wp-content\/uploads\/2025\/06\/81KyREDUt9L._AC_SL1500_-1024x773.jpg 1024w, https:\/\/www.offrestendance.fr\/wp-content\/uploads\/2025\/06\/81KyREDUt9L._AC_SL1500_-300x226.jpg 300w, https:\/\/www.offrestendance.fr\/wp-content\/uploads\/2025\/06\/81KyREDUt9L._AC_SL1500_-768x580.jpg 768w, https:\/\/www.offrestendance.fr\/wp-content\/uploads\/2025\/06\/81KyREDUt9L._AC_SL1500_.jpg 1500w\" sizes=\"(max-width: 800px) 100vw, 800px\" \/><\/div>\n\t\t<\/div>\n\t\t<div class=\"qodef-e-content-holder\">\n\t\t\t\t<div class=\"qodef-e-date\">\n\t\t2 - Prix 27,90 \u20ac \t<\/div>\n\t\t\t\t\t<h4 class=\"qodef-e-title\">\n\t\t\t<a itemprop=\"url\" href=\"https:\/\/amzn.to\/3FPiQIk\" target=\"_self\">\n\t\t\ud83d\udd25 OLIMP Thermo-Stim Hardcore \u2013 Booster Thermog\u00e9nique Ultra Puissant\t\t\t<\/a>\n\t\t<\/h4>\n\t\t\t\t\t<p class=\"qodef-e-text\">\n\t\tNum\u00e9ro 1 aux \u00c9tats-unis !\nPr\u00e9pare-toi \u00e0 repousser tes limites avec Thermo-Stim Hardcore de OLIMP SPORT NUTRITION. Formul\u00e9 pour les sportifs exigeants, ce br\u00fbleur de graisses soutient la d\u00e9finition musculaire, am\u00e9liore l\u2019\u00e9nergie et stimule le m\u00e9tabolisme.\n\n\ud83d\udc8a 60 capsules | \ud83d\udcaa Formule concentr\u00e9e | \ud83d\udd25 Soutien pour la s\u00e8che et la performance\n\n\t<\/p>\n\t\t\t<\/div>\n\t<\/div>\n<\/div>\n<div class=\"qodef-e qodef-e-item elementor-repeater-item-9c40afc qodef-obverse\">\n\t<div class=\"qodef-e-line-holder\">\n\t\t<span class=\"qodef-e-line\"><\/span>\n\t<\/div>\n\t<div class=\"qodef-e-item-inner\">\n\t\t<div class=\"qodef-e-point-holder\">\n\t\t\t<div class=\"qodef-e-point\">\n\t\t\t\t\t\t\t<\/div>\n\t\t<\/div>\n\t\t<div class=\"qodef-e-side-holder\">\n\t\t\t<div class=\"qodef-e-image\">\n\t<img decoding=\"async\" width=\"800\" height=\"830\" src=\"https:\/\/www.offrestendance.fr\/wp-content\/uploads\/2025\/06\/81rIkGrrtL._AC_SL1500_-987x1024.jpg\" class=\"attachment-large size-large\" alt=\"\" srcset=\"https:\/\/www.offrestendance.fr\/wp-content\/uploads\/2025\/06\/81rIkGrrtL._AC_SL1500_-987x1024.jpg 987w, https:\/\/www.offrestendance.fr\/wp-content\/uploads\/2025\/06\/81rIkGrrtL._AC_SL1500_-289x300.jpg 289w, https:\/\/www.offrestendance.fr\/wp-content\/uploads\/2025\/06\/81rIkGrrtL._AC_SL1500_-768x797.jpg 768w, https:\/\/www.offrestendance.fr\/wp-content\/uploads\/2025\/06\/81rIkGrrtL._AC_SL1500_.jpg 1446w\" sizes=\"(max-width: 800px) 100vw, 800px\" \/><\/div>\n\t\t<\/div>\n\t\t<div class=\"qodef-e-content-holder\">\n\t\t\t\t<div class=\"qodef-e-date\">\n\t\t3 - Prix 11,95 \u20ac \t<\/div>\n\t\t\t\t\t<h4 class=\"qodef-e-title\">\n\t\t\t<a itemprop=\"url\" href=\"https:\/\/amzn.to\/4ljKUm2\" target=\"_self\">\n\t\t\ud83c\udfcb\ufe0f\u200d\u2642\ufe0f Fitgriff\u00ae Bandes de Poignet \u2013 Stabilit\u00e9 et Puissance \u00e0 Chaque R\u00e9p\u00e9tition\t\t\t<\/a>\n\t\t<\/h4>\n\t\t\t\t\t<p class=\"qodef-e-text\">\n\t\tOptimise ta performance avec les bandes de poignet Fitgriff\u00ae, id\u00e9ales pour la musculation, l&#039;halt\u00e9rophilie ou le cross-training. Con\u00e7ues pour renforcer le maintien du poignet et pr\u00e9venir les blessures, elles offrent un soutien fiable sans limiter tes mouvements.\n\n\u2714\ufe0f Confort mixte (homme &amp; femme)\n\u2714\ufe0f Fermeture s\u00e9curis\u00e9e par scratch\n\u2714\ufe0f R\u00e9sistance et durabilit\u00e9 pro\t<\/p>\n\t\t\t<\/div>\n\t<\/div>\n<\/div>\n<div class=\"qodef-e qodef-e-item elementor-repeater-item-6a424c8 qodef-reverse\">\n\t<div class=\"qodef-e-line-holder\">\n\t\t<span class=\"qodef-e-line\"><\/span>\n\t<\/div>\n\t<div class=\"qodef-e-item-inner\">\n\t\t<div class=\"qodef-e-point-holder\">\n\t\t\t<div class=\"qodef-e-point\">\n\t\t\t\t\t\t\t<\/div>\n\t\t<\/div>\n\t\t<div class=\"qodef-e-side-holder\">\n\t\t\t<div class=\"qodef-e-image\">\n\t<img loading=\"lazy\" decoding=\"async\" width=\"800\" height=\"918\" src=\"https:\/\/www.offrestendance.fr\/wp-content\/uploads\/2025\/06\/61mf9c0qmyL._AC_SL1500_-892x1024.jpg\" class=\"attachment-large size-large\" alt=\"\" srcset=\"https:\/\/www.offrestendance.fr\/wp-content\/uploads\/2025\/06\/61mf9c0qmyL._AC_SL1500_-892x1024.jpg 892w, https:\/\/www.offrestendance.fr\/wp-content\/uploads\/2025\/06\/61mf9c0qmyL._AC_SL1500_-261x300.jpg 261w, https:\/\/www.offrestendance.fr\/wp-content\/uploads\/2025\/06\/61mf9c0qmyL._AC_SL1500_-768x882.jpg 768w, https:\/\/www.offrestendance.fr\/wp-content\/uploads\/2025\/06\/61mf9c0qmyL._AC_SL1500_.jpg 1306w\" sizes=\"(max-width: 800px) 100vw, 800px\" \/><\/div>\n\t\t<\/div>\n\t\t<div class=\"qodef-e-content-holder\">\n\t\t\t\t<div class=\"qodef-e-date\">\n\t\t4- Prix 59,99 \u20ac\t<\/div>\n\t\t\t\t\t<h4 class=\"qodef-e-title\">\n\t\t\t<a itemprop=\"url\" href=\"https:\/\/amzn.to\/3ZLYQNr\" target=\"_self\">\n\t\t\ud83d\udcaa Double Circle \u2013 Anneaux de Gymnastique en Bois pour un Entra\u00eenement Complet \u00e0 la Maison\t\t\t<\/a>\n\t\t<\/h4>\n\t\t\t\t\t<p class=\"qodef-e-text\">\n\t\t\u00c9quipe-toi comme un pro avec les anneaux de gymnastique Double Circle, con\u00e7us pour le renforcement musculaire complet \u00e0 domicile. En bois naturel ultra r\u00e9sistant avec sangles num\u00e9rot\u00e9es \u00e0 r\u00e9glage rapide, ils assurent une installation facile et une stabilit\u00e9 maximale.\t<\/p>\n\t\t\t<\/div>\n\t<\/div>\n<\/div>\n<div class=\"qodef-e qodef-e-item elementor-repeater-item-d374cb4 qodef-obverse\">\n\t<div class=\"qodef-e-line-holder\">\n\t\t<span class=\"qodef-e-line\"><\/span>\n\t<\/div>\n\t<div class=\"qodef-e-item-inner\">\n\t\t<div class=\"qodef-e-point-holder\">\n\t\t\t<div class=\"qodef-e-point\">\n\t\t\t\t\t\t\t<\/div>\n\t\t<\/div>\n\t\t<div class=\"qodef-e-side-holder\">\n\t\t\t<div class=\"qodef-e-image\">\n\t<img loading=\"lazy\" decoding=\"async\" width=\"800\" height=\"777\" src=\"https:\/\/www.offrestendance.fr\/wp-content\/uploads\/2025\/06\/81wVKsu1VwL._AC_SL1500_-1024x994.jpg\" class=\"attachment-large size-large\" alt=\"\" srcset=\"https:\/\/www.offrestendance.fr\/wp-content\/uploads\/2025\/06\/81wVKsu1VwL._AC_SL1500_-1024x994.jpg 1024w, https:\/\/www.offrestendance.fr\/wp-content\/uploads\/2025\/06\/81wVKsu1VwL._AC_SL1500_-300x291.jpg 300w, https:\/\/www.offrestendance.fr\/wp-content\/uploads\/2025\/06\/81wVKsu1VwL._AC_SL1500_-768x745.jpg 768w, https:\/\/www.offrestendance.fr\/wp-content\/uploads\/2025\/06\/81wVKsu1VwL._AC_SL1500_.jpg 1500w\" sizes=\"(max-width: 800px) 100vw, 800px\" \/><\/div>\n\t\t<\/div>\n\t\t<div class=\"qodef-e-content-holder\">\n\t\t\t\t<div class=\"qodef-e-date\">\n\t\t5- Prix 54,90 \u20ac ( Au lieu de 69,99) \t<\/div>\n\t\t\t\t\t<h4 class=\"qodef-e-title\">\n\t\t\t<a itemprop=\"url\" href=\"https:\/\/amzn.to\/4kTAKsq\" target=\"_self\">\n\t\t\ud83c\udfcb\ufe0f\u200d\u2642\ufe0f ZELUS Gilet Lest\u00e9 \u2013 Repousse tes limites avec style et puissance\t\t\t<\/a>\n\t\t<\/h4>\n\t\t\t\t\t<p class=\"qodef-e-text\">\n\t\tBoostez vos entra\u00eenements avec le gilet lest\u00e9 ZELUS, disponible en 5 \u00e0 20 kg. Con\u00e7u pour la course, la musculation et le cross-training, ce gilet ajustable \u00e9pouse parfaitement le corps pour un confort optimal, m\u00eame en pleine intensit\u00e9.\t<\/p>\n\t\t\t<\/div>\n\t<\/div>\n<\/div>\n<\/div>\n\t\t\t\t<\/div>\n\t\t\t\t<\/div>\n\t\t\t\t<div class=\"elementor-element elementor-element-07d0b3e elementor-invisible elementor-widget elementor-widget-qi_addons_for_elementor_timeline\" data-id=\"07d0b3e\" data-element_type=\"widget\" data-settings=\"{&quot;_animation&quot;:&quot;fadeIn&quot;}\" data-widget_type=\"qi_addons_for_elementor_timeline.default\">\n\t\t\t\t<div class=\"elementor-widget-container\">\n\t\t\t\t\t<div class=\"qodef-shortcode qodef-m qodef-qi-timeline qodef-timeline--vertical qodef-timeline-layout--vertical-separated qodef-line--outside qodef-point--diamond qodef-qi--has-appear qodef-reverse-padding\">\n\t<div class=\"qodef-e qodef-e-item elementor-repeater-item-91e99b4 qodef-obverse\">\n\t<div class=\"qodef-e-line-holder\">\n\t\t<span class=\"qodef-e-line\"><\/span>\n\t<\/div>\n\t<div class=\"qodef-e-item-inner\">\n\t\t<div class=\"qodef-e-point-holder\">\n\t\t\t<div class=\"qodef-e-point\">\n\t\t\t\t\t\t\t<\/div>\n\t\t<\/div>\n\t\t<div class=\"qodef-e-side-holder\">\n\t\t\t<div class=\"qodef-e-image\">\n\t<img loading=\"lazy\" decoding=\"async\" width=\"800\" height=\"828\" src=\"https:\/\/www.offrestendance.fr\/wp-content\/uploads\/2025\/06\/71BAKDe4AZL._AC_SL1500_-989x1024.jpg\" class=\"attachment-large size-large\" alt=\"\" srcset=\"https:\/\/www.offrestendance.fr\/wp-content\/uploads\/2025\/06\/71BAKDe4AZL._AC_SL1500_-989x1024.jpg 989w, https:\/\/www.offrestendance.fr\/wp-content\/uploads\/2025\/06\/71BAKDe4AZL._AC_SL1500_-290x300.jpg 290w, https:\/\/www.offrestendance.fr\/wp-content\/uploads\/2025\/06\/71BAKDe4AZL._AC_SL1500_-768x795.jpg 768w, https:\/\/www.offrestendance.fr\/wp-content\/uploads\/2025\/06\/71BAKDe4AZL._AC_SL1500_.jpg 1449w\" sizes=\"(max-width: 800px) 100vw, 800px\" \/><\/div>\n\t\t<\/div>\n\t\t<div class=\"qodef-e-content-holder\">\n\t\t\t\t<div class=\"qodef-e-date\">\n\t\t6 - Prix 299,99 \u20ac \t<\/div>\n\t\t\t\t\t<h4 class=\"qodef-e-title\">\n\t\t\t<a itemprop=\"url\" href=\"https:\/\/amzn.to\/3T5sglS\" target=\"_self\">\n\t\t\ud83d\udd04 Pressoth\u00e9rapie Sport &amp; Bien-\u00eatre \u2013 L\u2019arme secr\u00e8te des athl\u00e8tes\t\t\t<\/a>\n\t\t<\/h4>\n\t\t\t\t\t<p class=\"qodef-e-text\">\n\t\tOffrez \u00e0 vos jambes la r\u00e9cup\u00e9ration qu\u2019elles m\u00e9ritent gr\u00e2ce \u00e0 cet appareil de pressoth\u00e9rapie haut de gamme. Con\u00e7u pour soulager les jambes lourdes, favoriser la circulation sanguine, et acc\u00e9l\u00e9rer la r\u00e9cup\u00e9ration musculaire apr\u00e8s le sport, il devient vite indispensable dans toute routine bien-\u00eatre.\n\ud83d\udcaa Recommand\u00e9 par de nombreux sportifs pour am\u00e9liorer les performances et \u00e9viter les courbatures chroniques.\t<\/p>\n\t\t\t<\/div>\n\t<\/div>\n<\/div>\n<div class=\"qodef-e qodef-e-item elementor-repeater-item-2f4de22 qodef-reverse\">\n\t<div class=\"qodef-e-line-holder\">\n\t\t<span class=\"qodef-e-line\"><\/span>\n\t<\/div>\n\t<div class=\"qodef-e-item-inner\">\n\t\t<div class=\"qodef-e-point-holder\">\n\t\t\t<div class=\"qodef-e-point\">\n\t\t\t\t\t\t\t<\/div>\n\t\t<\/div>\n\t\t<div class=\"qodef-e-side-holder\">\n\t\t\t<div class=\"qodef-e-image\">\n\t<img loading=\"lazy\" decoding=\"async\" width=\"800\" height=\"815\" src=\"https:\/\/www.offrestendance.fr\/wp-content\/uploads\/2025\/06\/71O81RXthtL._AC_SL1500_-1005x1024.jpg\" class=\"attachment-large size-large\" alt=\"\" srcset=\"https:\/\/www.offrestendance.fr\/wp-content\/uploads\/2025\/06\/71O81RXthtL._AC_SL1500_-1005x1024.jpg 1005w, https:\/\/www.offrestendance.fr\/wp-content\/uploads\/2025\/06\/71O81RXthtL._AC_SL1500_-294x300.jpg 294w, https:\/\/www.offrestendance.fr\/wp-content\/uploads\/2025\/06\/71O81RXthtL._AC_SL1500_-768x783.jpg 768w, https:\/\/www.offrestendance.fr\/wp-content\/uploads\/2025\/06\/71O81RXthtL._AC_SL1500_.jpg 1472w\" sizes=\"(max-width: 800px) 100vw, 800px\" \/><\/div>\n\t\t<\/div>\n\t\t<div class=\"qodef-e-content-holder\">\n\t\t\t\t<div class=\"qodef-e-date\">\n\t\t7 - Prix 295,00 \u20ac \t<\/div>\n\t\t\t\t\t<h4 class=\"qodef-e-title\">\n\t\t\t<a itemprop=\"url\" href=\"https:\/\/amzn.to\/4kOBfUJ\" target=\"_self\">\n\t\t\ud83c\udfcb\ufe0f\u200d\u2640\ufe0f DH FitLife Halt\u00e8res R\u00e9glables 24 kg \u2013 Le meilleur rapport qualit\u00e9\/prix du march\u00e9\t\t\t<\/a>\n\t\t<\/h4>\n\t\t\t\t\t<p class=\"qodef-e-text\">\n\t\tTransformez votre home gym avec ces halt\u00e8res ajustables 12-en-1 ! Gr\u00e2ce \u00e0 leur syst\u00e8me de r\u00e9glage rapide, passez de 2 \u00e0 24 kg en quelques secondes, sans encombrer votre espace.\n\n\ud83d\udcb8 Les moins chers du march\u00e9 pour cette qualit\u00e9 et cette polyvalence. Pourquoi payer plus pour moins ?\n\nParfaits pour d\u00e9butants et confirm\u00e9s, ces halt\u00e8res sont une vraie r\u00e9volution dans l\u2019\u00e9quipement fitness \u00e0 domicile.\t<\/p>\n\t\t\t<\/div>\n\t<\/div>\n<\/div>\n<div class=\"qodef-e qodef-e-item elementor-repeater-item-f270d34 qodef-obverse\">\n\t<div class=\"qodef-e-line-holder\">\n\t\t<span class=\"qodef-e-line\"><\/span>\n\t<\/div>\n\t<div class=\"qodef-e-item-inner\">\n\t\t<div class=\"qodef-e-point-holder\">\n\t\t\t<div class=\"qodef-e-point\">\n\t\t\t\t\t\t\t<\/div>\n\t\t<\/div>\n\t\t<div class=\"qodef-e-side-holder\">\n\t\t\t<div class=\"qodef-e-image\">\n\t<img loading=\"lazy\" decoding=\"async\" width=\"800\" height=\"770\" src=\"https:\/\/www.offrestendance.fr\/wp-content\/uploads\/2025\/06\/61MVye2PibL._AC_SL1500_-1024x986.jpg\" class=\"attachment-large size-large\" alt=\"\" srcset=\"https:\/\/www.offrestendance.fr\/wp-content\/uploads\/2025\/06\/61MVye2PibL._AC_SL1500_-1024x986.jpg 1024w, https:\/\/www.offrestendance.fr\/wp-content\/uploads\/2025\/06\/61MVye2PibL._AC_SL1500_-300x289.jpg 300w, https:\/\/www.offrestendance.fr\/wp-content\/uploads\/2025\/06\/61MVye2PibL._AC_SL1500_-768x739.jpg 768w, https:\/\/www.offrestendance.fr\/wp-content\/uploads\/2025\/06\/61MVye2PibL._AC_SL1500_.jpg 1500w\" sizes=\"(max-width: 800px) 100vw, 800px\" \/><\/div>\n\t\t<\/div>\n\t\t<div class=\"qodef-e-content-holder\">\n\t\t\t\t<div class=\"qodef-e-date\">\n\t\t8- Prix 182,99 \u20ac \t<\/div>\n\t\t\t\t\t<h4 class=\"qodef-e-title\">\n\t\t\t<a itemprop=\"url\" href=\"https:\/\/amzn.to\/4kWhPxi\" target=\"_self\">\n\t\t\ud83d\udea3\u200d\u2642\ufe0f ISE Rameur Musculation \u2013 Compact, Silencieux et Ultra-Efficace\t\t\t<\/a>\n\t\t<\/h4>\n\t\t\t\t\t<p class=\"qodef-e-text\">\n\t\tTransformez vos s\u00e9ances \u00e0 la maison avec ce rameur pliable hautement performant ! Gr\u00e2ce \u00e0 ses 8 niveaux de r\u00e9sistance magn\u00e9tique, il s\u2019adapte \u00e0 tous les niveaux, du d\u00e9butant au confirm\u00e9. Son si\u00e8ge ergonomique, ses rails solides, et son \u00e9cran LCD vous offrent une exp\u00e9rience fluide, silencieuse et motivante.\t<\/p>\n\t\t\t<\/div>\n\t<\/div>\n<\/div>\n<div class=\"qodef-e qodef-e-item elementor-repeater-item-678de8c qodef-reverse\">\n\t<div class=\"qodef-e-line-holder\">\n\t\t<span class=\"qodef-e-line\"><\/span>\n\t<\/div>\n\t<div class=\"qodef-e-item-inner\">\n\t\t<div class=\"qodef-e-point-holder\">\n\t\t\t<div class=\"qodef-e-point\">\n\t\t\t\t\t\t\t<\/div>\n\t\t<\/div>\n\t\t<div class=\"qodef-e-side-holder\">\n\t\t\t<div class=\"qodef-e-image\">\n\t<img loading=\"lazy\" decoding=\"async\" width=\"800\" height=\"920\" src=\"https:\/\/www.offrestendance.fr\/wp-content\/uploads\/2025\/06\/61skn5zbWdL._AC_SL1000_.jpg\" class=\"attachment-large size-large\" alt=\"\" srcset=\"https:\/\/www.offrestendance.fr\/wp-content\/uploads\/2025\/06\/61skn5zbWdL._AC_SL1000_.jpg 866w, https:\/\/www.offrestendance.fr\/wp-content\/uploads\/2025\/06\/61skn5zbWdL._AC_SL1000_-261x300.jpg 261w, https:\/\/www.offrestendance.fr\/wp-content\/uploads\/2025\/06\/61skn5zbWdL._AC_SL1000_-768x883.jpg 768w\" sizes=\"(max-width: 800px) 100vw, 800px\" \/><\/div>\n\t\t<\/div>\n\t\t<div class=\"qodef-e-content-holder\">\n\t\t\t\t<div class=\"qodef-e-date\">\n\t\t9 - Prix 23,46 \u20ac \t<\/div>\n\t\t\t\t\t<h4 class=\"qodef-e-title\">\n\t\t\t<a itemprop=\"url\" href=\"https:\/\/amzn.to\/4egNl6E\" target=\"_self\">\n\t\t\ud83c\udfe0 Cretee Push Up Board \u2013 Le coach pliable qui transforme vos pompes !\t\t\t<\/a>\n\t\t<\/h4>\n\t\t\t\t\t<p class=\"qodef-e-text\">\n\t\tTransformez vos entra\u00eenements \u00e0 la maison avec la planche de pompes multifonction 12 en 1 Cretee. Ce syst\u00e8me ing\u00e9nieux vous guide dans l&#039;ex\u00e9cution de pompes cibl\u00e9es pour travailler efficacement pectoraux, dos, \u00e9paules et triceps.\t<\/p>\n\t\t\t<\/div>\n\t<\/div>\n<\/div>\n<div class=\"qodef-e qodef-e-item elementor-repeater-item-04b82c5 qodef-obverse\">\n\t<div class=\"qodef-e-line-holder\">\n\t\t<span class=\"qodef-e-line\"><\/span>\n\t<\/div>\n\t<div class=\"qodef-e-item-inner\">\n\t\t<div class=\"qodef-e-point-holder\">\n\t\t\t<div class=\"qodef-e-point\">\n\t\t\t\t\t\t\t<\/div>\n\t\t<\/div>\n\t\t<div class=\"qodef-e-side-holder\">\n\t\t\t<div class=\"qodef-e-image\">\n\t<img loading=\"lazy\" decoding=\"async\" width=\"800\" height=\"812\" src=\"https:\/\/www.offrestendance.fr\/wp-content\/uploads\/2025\/06\/61srUNx56L._AC_SL1181_-1009x1024.jpg\" class=\"attachment-large size-large\" alt=\"\" srcset=\"https:\/\/www.offrestendance.fr\/wp-content\/uploads\/2025\/06\/61srUNx56L._AC_SL1181_-1009x1024.jpg 1009w, https:\/\/www.offrestendance.fr\/wp-content\/uploads\/2025\/06\/61srUNx56L._AC_SL1181_-296x300.jpg 296w, https:\/\/www.offrestendance.fr\/wp-content\/uploads\/2025\/06\/61srUNx56L._AC_SL1181_-768x779.jpg 768w, https:\/\/www.offrestendance.fr\/wp-content\/uploads\/2025\/06\/61srUNx56L._AC_SL1181_.jpg 1032w\" sizes=\"(max-width: 800px) 100vw, 800px\" \/><\/div>\n\t\t<\/div>\n\t\t<div class=\"qodef-e-content-holder\">\n\t\t\t\t<div class=\"qodef-e-date\">\n\t\t10 - Prix 89,90 \u20ac\t<\/div>\n\t\t\t\t\t<h4 class=\"qodef-e-title\">\n\t\t\t<a itemprop=\"url\" href=\"https:\/\/amzn.to\/43WQPI0\" target=\"_self\">\n\t\t\ud83d\udd25 GYMFORM AB Booster \u2013 L\u2019appareil tout-en-un pour un corps tonique !\t\t\t<\/a>\n\t\t<\/h4>\n\t\t\t\t\t<p class=\"qodef-e-text\">\n\t\tEnvie de br\u00fbler des calories tout en sculptant abdos, bras, jambes et fessiers ? Le GYMFORM AB Booster est la machine de training compl\u00e8te qu\u2019il vous faut pour transformer votre corps depuis chez vous. \ud83d\ude80 En seulement quelques minutes par jour, gagnez en tonus, en souffle et en silhouette !\t<\/p>\n\t\t\t<\/div>\n\t<\/div>\n<\/div>\n<\/div>\n\t\t\t\t<\/div>\n\t\t\t\t<\/div>\n\t\t\t\t\t<\/div>\n\t\t<\/div>\n\t\t\t\t\t<\/div>\n\t\t<\/section>\n\t\t\t\t<\/div>\n\t\t","protected":false},"excerpt":{"rendered":"<p>\ud83d\udd25 Top 10 des Accessoires de sport pour cet \u00e9t\u00e9 1 &#8211; Prix 79,99 \u20ac (Au lieu de 129,99) \ud83d\udcaa PASYOU PA300 \u2013 Banc de Musculation Pliable 7-en-1 Transforme ton entra\u00eenement \u00e0 la maison avec le banc de musculation complet PASYOU PA300. Inclinable, r\u00e9glable et pliable, il s\u2019adapte \u00e0 tous les niveaux pour travailler efficacement [&hellip;]<\/p>\n","protected":false},"author":1,"featured_media":0,"parent":0,"menu_order":0,"comment_status":"closed","ping_status":"closed","template":"","meta":{"footnotes":""},"class_list":["post-382","page","type-page","status-publish","hentry"],"_links":{"self":[{"href":"https:\/\/www.offrestendance.fr\/index.php\/wp-json\/wp\/v2\/pages\/382","targetHints":{"allow":["GET"]}}],"collection":[{"href":"https:\/\/www.offrestendance.fr\/index.php\/wp-json\/wp\/v2\/pages"}],"about":[{"href":"https:\/\/www.offrestendance.fr\/index.php\/wp-json\/wp\/v2\/types\/page"}],"author":[{"embeddable":true,"href":"https:\/\/www.offrestendance.fr\/index.php\/wp-json\/wp\/v2\/users\/1"}],"replies":[{"embeddable":true,"href":"https:\/\/www.offrestendance.fr\/index.php\/wp-json\/wp\/v2\/comments?post=382"}],"version-history":[{"count":22,"href":"https:\/\/www.offrestendance.fr\/index.php\/wp-json\/wp\/v2\/pages\/382\/revisions"}],"predecessor-version":[{"id":495,"href":"https:\/\/www.offrestendance.fr\/index.php\/wp-json\/wp\/v2\/pages\/382\/revisions\/495"}],"wp:attachment":[{"href":"https:\/\/www.offrestendance.fr\/index.php\/wp-json\/wp\/v2\/media?parent=382"}],"curies":[{"name":"wp","href":"https:\/\/api.w.org\/{rel}","templated":true}]}}